{"id":6453,"date":"2026-03-09T09:02:25","date_gmt":"2026-03-09T15:02:25","guid":{"rendered":"https:\/\/arktocampers.com\/financement\/"},"modified":"2026-04-22T01:26:58","modified_gmt":"2026-04-22T07:26:58","slug":"financement","status":"publish","type":"page","link":"https:\/\/arktocampers.com\/fr\/financement\/","title":{"rendered":"Financement"},"content":{"rendered":"\t\t<div data-elementor-type=\"wp-page\" data-elementor-id=\"6453\" class=\"elementor elementor-6453 elementor-2265\" data-elementor-post-type=\"page\">\n\t\t\t\t<div class=\"elementor-element elementor-element-75a980c hero e-flex e-con-boxed wcf-starter-animations-none e-con e-parent\" data-id=\"75a980c\" data-element_type=\"container\" data-e-type=\"container\" data-settings=\"{&quot;jet_parallax_layout_list&quot;:[],&quot;wcf-animation&quot;:&quot;none&quot;,&quot;wcf_enable_pin_area&quot;:&quot;no&quot;,&quot;aae_enable_header_sticky_area&quot;:&quot;no&quot;}\">\n\t\t\t\t\t<div class=\"e-con-inner\">\n\t\t<div class=\"elementor-element elementor-element-891c878 e-con-full e-flex wcf-starter-animations-none e-con e-child\" data-id=\"891c878\" data-element_type=\"container\" data-e-type=\"container\" data-settings=\"{&quot;background_background&quot;:&quot;classic&quot;,&quot;jet_parallax_layout_list&quot;:[],&quot;wcf-animation&quot;:&quot;none&quot;,&quot;wcf_enable_pin_area&quot;:&quot;no&quot;,&quot;aae_enable_header_sticky_area&quot;:&quot;no&quot;}\">\n\t\t\t\t<div class=\"elementor-element elementor-element-5b2e623 title wcf-t-animation-text_reveal wcf-starter-animations-none elementor-widget elementor-widget-heading\" data-id=\"5b2e623\" data-element_type=\"widget\" data-e-type=\"widget\" data-settings=\"{&quot;wcf_text_animation&quot;:&quot;text_reveal&quot;,&quot;wcf_starter_animations&quot;:&quot;none&quot;,&quot;wcf_anim_duration&quot;:1000,&quot;wcf_anim_delay&quot;:0,&quot;wcf_anim_ease&quot;:&quot;ease&quot;,&quot;aae_text_trigger&quot;:&quot;on_scroll&quot;,&quot;text_delay&quot;:0.15,&quot;text_duration&quot;:1,&quot;text_stagger&quot;:0.02,&quot;wcf-animation&quot;:&quot;none&quot;}\" data-widget_type=\"heading.default\">\n\t\t\t\t\t<h1 class=\"elementor-heading-title elementor-size-default\">Achat<br>Financement<\/h1>\t\t\t\t<\/div>\n\t\t<div class=\"aae-disable-transition elementor-element elementor-element-b71118f e-con-full e-flex wcf-starter-animations-none e-con e-child\" data-id=\"b71118f\" data-element_type=\"container\" data-e-type=\"container\" data-settings=\"{&quot;jet_parallax_layout_list&quot;:[],&quot;wcf-animation&quot;:&quot;fade&quot;,&quot;fade-from&quot;:&quot;in&quot;,&quot;data-duration&quot;:2.5,&quot;aae_method&quot;:&quot;from&quot;,&quot;aae_trigger&quot;:&quot;on_scroll&quot;,&quot;delay&quot;:0.15,&quot;ease&quot;:&quot;power2.out&quot;,&quot;wcf_enable_pin_area&quot;:&quot;no&quot;,&quot;aae_enable_header_sticky_area&quot;:&quot;no&quot;}\">\n\t\t\t\t<div class=\"elementor-element elementor-element-16e52c4 elementor-widget__width-inherit elementor-hidden-mobile wcf-starter-animations-none elementor-widget elementor-widget-image\" data-id=\"16e52c4\" data-element_type=\"widget\" data-e-type=\"widget\" data-settings=\"{&quot;wcf_starter_animations&quot;:&quot;none&quot;,&quot;wcf_anim_duration&quot;:1000,&quot;wcf_anim_delay&quot;:0,&quot;wcf_anim_ease&quot;:&quot;ease&quot;,&quot;wcf-image-animation&quot;:&quot;none&quot;,&quot;wcf-animation&quot;:&quot;none&quot;}\" data-widget_type=\"image.default\">\n\t\t\t\t\t\t\t\t\t\t\t\t\t\t\t<img loading=\"lazy\" decoding=\"async\" width=\"196\" height=\"200\" src=\"https:\/\/arktocampers.com\/wp-content\/uploads\/canada-quality-light-big-logo.png\" class=\"attachment-full size-full wp-image-6175\" alt=\"\" \/>\t\t\t\t\t\t\t\t\t\t\t\t\t\t\t<\/div>\n\t\t\t\t<\/div>\n\t\t\t\t<\/div>\n\t\t\t\t\t<\/div>\n\t\t\t\t<\/div>\n\t\t<div class=\"elementor-element elementor-element-bceee57 e-flex e-con-boxed wcf-starter-animations-none e-con e-parent\" data-id=\"bceee57\" data-element_type=\"container\" data-e-type=\"container\" data-settings=\"{&quot;jet_parallax_layout_list&quot;:[],&quot;wcf-animation&quot;:&quot;none&quot;,&quot;wcf_enable_pin_area&quot;:&quot;no&quot;,&quot;aae_enable_header_sticky_area&quot;:&quot;no&quot;}\">\n\t\t\t\t\t<div class=\"e-con-inner\">\n\t\t<div class=\"elementor-element elementor-element-54d355b e-con-full e-flex wcf-starter-animations-none e-con e-child\" data-id=\"54d355b\" data-element_type=\"container\" data-e-type=\"container\" data-settings=\"{&quot;jet_parallax_layout_list&quot;:[],&quot;wcf-animation&quot;:&quot;none&quot;,&quot;wcf_enable_pin_area&quot;:&quot;no&quot;,&quot;aae_enable_header_sticky_area&quot;:&quot;no&quot;}\">\n\t\t\t\t<div class=\"elementor-element elementor-element-6f0a202 wcf-t-animation-text_reveal wcf-starter-animations-none elementor-widget elementor-widget-heading\" data-id=\"6f0a202\" data-element_type=\"widget\" data-e-type=\"widget\" data-settings=\"{&quot;wcf_text_animation&quot;:&quot;text_reveal&quot;,&quot;wcf_starter_animations&quot;:&quot;none&quot;,&quot;wcf_anim_duration&quot;:1000,&quot;wcf_anim_delay&quot;:0,&quot;wcf_anim_ease&quot;:&quot;ease&quot;,&quot;aae_text_trigger&quot;:&quot;on_scroll&quot;,&quot;text_delay&quot;:0.15,&quot;text_duration&quot;:1,&quot;text_stagger&quot;:0.02,&quot;wcf-animation&quot;:&quot;none&quot;}\" data-widget_type=\"heading.default\">\n\t\t\t\t\t<h2 class=\"elementor-heading-title elementor-size-default\">Postulez aujourd'hui pour<\/h2>\t\t\t\t<\/div>\n\t\t\t\t<div class=\"elementor-element elementor-element-d7a5ae0 elementor-mobile-align-justify elementor-widget-mobile__width-inherit elementor-widget elementor-widget-button\" data-id=\"d7a5ae0\" data-element_type=\"widget\" data-e-type=\"widget\" data-settings=\"{&quot;wcf-animation&quot;:&quot;fade&quot;,&quot;aae_method&quot;:&quot;from&quot;,&quot;aae_trigger&quot;:&quot;on_scroll&quot;,&quot;delay&quot;:0.15,&quot;fade-from&quot;:&quot;bottom&quot;,&quot;data-duration&quot;:1.5,&quot;ease&quot;:&quot;power2.out&quot;,&quot;fade-offset&quot;:50}\" data-widget_type=\"button.default\">\n\t\t\t\t\t\t\t\t\t\t<a class=\"elementor-button elementor-button-link elementor-size-sm\" href=\"https:\/\/www.lmgfinance.ca\/quick-credit-application\" target=\"_blank\">\n\t\t\t\t\t\t<span class=\"elementor-button-content-wrapper\">\n\t\t\t\t\t\t\t\t\t<span class=\"elementor-button-text\">Financement canadien<\/span>\n\t\t\t\t\t<\/span>\n\t\t\t\t\t<\/a>\n\t\t\t\t\t\t\t\t<\/div>\n\t\t\t\t<div class=\"elementor-element elementor-element-0ea124e wcf-t-animation-text_reveal wcf-starter-animations-none elementor-widget elementor-widget-heading\" data-id=\"0ea124e\" data-element_type=\"widget\" data-e-type=\"widget\" data-settings=\"{&quot;wcf_text_animation&quot;:&quot;text_reveal&quot;,&quot;wcf_starter_animations&quot;:&quot;none&quot;,&quot;wcf_anim_duration&quot;:1000,&quot;wcf_anim_delay&quot;:0,&quot;wcf_anim_ease&quot;:&quot;ease&quot;,&quot;aae_text_trigger&quot;:&quot;on_scroll&quot;,&quot;text_delay&quot;:0.15,&quot;text_duration&quot;:1,&quot;text_stagger&quot;:0.02,&quot;wcf-animation&quot;:&quot;none&quot;}\" data-widget_type=\"heading.default\">\n\t\t\t\t\t<h2 class=\"elementor-heading-title elementor-size-default\">Transformez votre r\u00eave en r\u00e9alit\u00e9<\/h2>\t\t\t\t<\/div>\n\t\t<div class=\"elementor-element elementor-element-2b0eaff e-con-full yellow--gradient e-flex wcf-starter-animations-none e-con e-child\" data-id=\"2b0eaff\" data-element_type=\"container\" data-e-type=\"container\" data-settings=\"{&quot;jet_parallax_layout_list&quot;:[],&quot;wcf-animation&quot;:&quot;none&quot;,&quot;wcf_enable_pin_area&quot;:&quot;no&quot;,&quot;aae_enable_header_sticky_area&quot;:&quot;no&quot;}\">\n\t\t\t\t<div class=\"elementor-element elementor-element-380091f wcf-starter-animations-none wcf-t-animation-none elementor-widget elementor-widget-heading\" data-id=\"380091f\" data-element_type=\"widget\" data-e-type=\"widget\" data-settings=\"{&quot;wcf_starter_animations&quot;:&quot;none&quot;,&quot;wcf_anim_duration&quot;:1000,&quot;wcf_anim_delay&quot;:0,&quot;wcf_anim_ease&quot;:&quot;ease&quot;,&quot;wcf_text_animation&quot;:&quot;none&quot;,&quot;wcf-animation&quot;:&quot;none&quot;}\" data-widget_type=\"heading.default\">\n\t\t\t\t\t<h6 class=\"elementor-heading-title elementor-size-default\">\u00c0 partir de <span class=\"color-primary\"> 250 $<\/span> par quinzaine !<\/h6>\t\t\t\t<\/div>\n\t\t\t\t<\/div>\n\t\t\t\t<div class=\"elementor-element elementor-element-d8d4acb wcf-starter-animations-none wcf-t-animation-none elementor-widget elementor-widget-text-editor\" data-id=\"d8d4acb\" data-element_type=\"widget\" data-e-type=\"widget\" data-settings=\"{&quot;wcf_starter_animations&quot;:&quot;none&quot;,&quot;wcf_anim_duration&quot;:1000,&quot;wcf_anim_delay&quot;:0,&quot;wcf_anim_ease&quot;:&quot;ease&quot;,&quot;wcf_text_animation&quot;:&quot;none&quot;,&quot;wcf-animation&quot;:&quot;none&quot;}\" data-widget_type=\"text-editor.default\">\n\t\t\t\t\t\t\t\t\t<p>Chez Arkto Campers, nous comprenons que l&rsquo;investissement dans la caravane de vos r\u00eaves ne doit pas \u00eatre limit\u00e9 par des contraintes financi\u00e8res. C&rsquo;est pourquoi nous sommes ravis d&rsquo;offrir des options de financement flexibles pour nos deux mod\u00e8les de caravanes. Maintenant, vous pouvez transformer vos aspirations en r\u00e9alit\u00e9 sans faire de compromis.    <br><br>Gr\u00e2ce \u00e0 nos options de financement, vous pouvez profiter de la libert\u00e9 d&rsquo;explorer les grands espaces \u00e0 votre guise, tout en \u00e9talant le co\u00fbt sur des paiements mensuels g\u00e9rables. Que vous soyez un primo-acc\u00e9dant ou un aventurier chevronn\u00e9, nos solutions de financement sont adapt\u00e9es \u00e0 votre budget et \u00e0 votre mode de vie. <\/p>\t\t\t\t\t\t\t\t<\/div>\n\t\t<div class=\"elementor-element elementor-element-c004649 e-grid e-con-full wcf-starter-animations-none e-con e-child\" data-id=\"c004649\" data-element_type=\"container\" data-e-type=\"container\" data-settings=\"{&quot;jet_parallax_layout_list&quot;:[],&quot;wcf-animation&quot;:&quot;none&quot;,&quot;wcf_enable_pin_area&quot;:&quot;no&quot;,&quot;aae_enable_header_sticky_area&quot;:&quot;no&quot;}\">\n\t\t<div class=\"elementor-element elementor-element-6671b1f e-con-full e-flex wcf-starter-animations-none e-con e-child\" data-id=\"6671b1f\" data-element_type=\"container\" data-e-type=\"container\" data-settings=\"{&quot;background_background&quot;:&quot;classic&quot;,&quot;jet_parallax_layout_list&quot;:[],&quot;wcf-animation&quot;:&quot;none&quot;,&quot;wcf_enable_pin_area&quot;:&quot;no&quot;,&quot;aae_enable_header_sticky_area&quot;:&quot;no&quot;}\">\n\t\t\t\t<div class=\"elementor-element elementor-element-7191573 wcf-starter-animations-none wcf-t-animation-none elementor-widget elementor-widget-heading\" data-id=\"7191573\" data-element_type=\"widget\" data-e-type=\"widget\" data-settings=\"{&quot;wcf_starter_animations&quot;:&quot;none&quot;,&quot;wcf_anim_duration&quot;:1000,&quot;wcf_anim_delay&quot;:0,&quot;wcf_anim_ease&quot;:&quot;ease&quot;,&quot;wcf_text_animation&quot;:&quot;none&quot;,&quot;wcf-animation&quot;:&quot;none&quot;}\" data-widget_type=\"heading.default\">\n\t\t\t\t\t<h6 class=\"elementor-heading-title elementor-size-default\">Paiements mensuels peu \u00e9lev\u00e9s<br><\/h6>\t\t\t\t<\/div>\n\t\t\t\t<\/div>\n\t\t<div class=\"elementor-element elementor-element-9aa6fcc e-con-full e-flex wcf-starter-animations-none e-con e-child\" data-id=\"9aa6fcc\" data-element_type=\"container\" data-e-type=\"container\" data-settings=\"{&quot;background_background&quot;:&quot;classic&quot;,&quot;jet_parallax_layout_list&quot;:[],&quot;wcf-animation&quot;:&quot;none&quot;,&quot;wcf_enable_pin_area&quot;:&quot;no&quot;,&quot;aae_enable_header_sticky_area&quot;:&quot;no&quot;}\">\n\t\t\t\t<div class=\"elementor-element elementor-element-db93727 wcf-starter-animations-none wcf-t-animation-none elementor-widget elementor-widget-heading\" data-id=\"db93727\" data-element_type=\"widget\" data-e-type=\"widget\" data-settings=\"{&quot;wcf_starter_animations&quot;:&quot;none&quot;,&quot;wcf_anim_duration&quot;:1000,&quot;wcf_anim_delay&quot;:0,&quot;wcf_anim_ease&quot;:&quot;ease&quot;,&quot;wcf_text_animation&quot;:&quot;none&quot;,&quot;wcf-animation&quot;:&quot;none&quot;}\" data-widget_type=\"heading.default\">\n\t\t\t\t\t<h6 class=\"elementor-heading-title elementor-size-default\">Options pratiques de paiement<br><br><\/h6>\t\t\t\t<\/div>\n\t\t\t\t<\/div>\n\t\t<div class=\"elementor-element elementor-element-3b4ce68 e-con-full e-flex wcf-starter-animations-none e-con e-child\" data-id=\"3b4ce68\" data-element_type=\"container\" data-e-type=\"container\" data-settings=\"{&quot;background_background&quot;:&quot;classic&quot;,&quot;jet_parallax_layout_list&quot;:[],&quot;wcf-animation&quot;:&quot;none&quot;,&quot;wcf_enable_pin_area&quot;:&quot;no&quot;,&quot;aae_enable_header_sticky_area&quot;:&quot;no&quot;}\">\n\t\t\t\t<div class=\"elementor-element elementor-element-0e3be4b wcf-starter-animations-none wcf-t-animation-none elementor-widget elementor-widget-heading\" data-id=\"0e3be4b\" data-element_type=\"widget\" data-e-type=\"widget\" data-settings=\"{&quot;wcf_starter_animations&quot;:&quot;none&quot;,&quot;wcf_anim_duration&quot;:1000,&quot;wcf_anim_delay&quot;:0,&quot;wcf_anim_ease&quot;:&quot;ease&quot;,&quot;wcf_text_animation&quot;:&quot;none&quot;,&quot;wcf-animation&quot;:&quot;none&quot;}\" data-widget_type=\"heading.default\">\n\t\t\t\t\t<h6 class=\"elementor-heading-title elementor-size-default\">Expert<br>Conseils<\/h6>\t\t\t\t<\/div>\n\t\t\t\t<\/div>\n\t\t\t\t<\/div>\n\t\t\t\t<\/div>\n\t\t\t\t\t<\/div>\n\t\t\t\t<\/div>\n\t\t\t\t<\/div>\n\t\t","protected":false},"excerpt":{"rendered":"<p>AchatFinancement Postulez aujourd&rsquo;hui pour Financement canadien Transformez votre r\u00eave en r\u00e9alit\u00e9 \u00c0 partir de 250 $ par quinzaine ! Chez Arkto Campers, nous comprenons que l&rsquo;investissement dans la caravane de vos r\u00eaves ne doit pas \u00eatre limit\u00e9 par des contraintes financi\u00e8res. C&rsquo;est pourquoi nous sommes ravis d&rsquo;offrir des options de financement flexibles pour nos deux [&hellip;]<\/p>\n","protected":false},"author":1,"featured_media":0,"parent":0,"menu_order":0,"comment_status":"closed","ping_status":"closed","template":"","meta":{"_acf_changed":false,"footnotes":""},"class_list":["post-6453","page","type-page","status-publish","hentry"],"acf":[],"yoast_head":"<!-- This site is optimized with the Yoast SEO plugin v27.4 - https:\/\/yoast.com\/product\/yoast-seo-wordpress\/ -->\n<title>Financement - Arkto Campers<\/title>\n<meta name=\"description\" content=\"D\u00e9couvrez les options de financement pour une caravane Arkto Campers et explorez les ressources qui peuvent vous aider \u00e0 planifier votre achat.\" \/>\n<meta name=\"robots\" content=\"index, follow, max-snippet:-1, max-image-preview:large, max-video-preview:-1\" \/>\n<link rel=\"canonical\" href=\"https:\/\/arktocampers.com\/fr\/financement\/\" \/>\n<meta property=\"og:locale\" content=\"fr_FR\" \/>\n<meta property=\"og:type\" content=\"article\" \/>\n<meta property=\"og:title\" content=\"Financement de la caravane - Arkto Campers\" \/>\n<meta property=\"og:description\" content=\"Explorez les options de financement flexibles pour les caravanes Arkto Campers. Trouvez un plan de paiement qui correspond \u00e0 votre budget et commencez votre aventure \u00e0 l&#039;\u00e9tranger d\u00e8s aujourd&#039;hui.\" \/>\n<meta property=\"og:url\" content=\"https:\/\/arktocampers.com\/fr\/financement\/\" \/>\n<meta property=\"og:site_name\" content=\"Arkto Campers\" \/>\n<meta property=\"article:modified_time\" content=\"2026-04-22T07:26:58+00:00\" \/>\n<meta property=\"og:image\" content=\"https:\/\/arktocampers.com\/wp-content\/uploads\/social-2.jpg\" \/>\n<meta name=\"twitter:card\" content=\"summary_large_image\" \/>\n<meta name=\"twitter:label1\" content=\"Dur\u00e9e de lecture estim\u00e9e\" \/>\n\t<meta name=\"twitter:data1\" content=\"1 minute\" \/>\n<script type=\"application\/ld+json\" class=\"yoast-schema-graph\">{\"@context\":\"https:\\\/\\\/schema.org\",\"@graph\":[{\"@type\":\"WebPage\",\"@id\":\"https:\\\/\\\/arktocampers.com\\\/fr\\\/financement\\\/\",\"url\":\"https:\\\/\\\/arktocampers.com\\\/fr\\\/financement\\\/\",\"name\":\"Financement - Arkto Campers\",\"isPartOf\":{\"@id\":\"https:\\\/\\\/arktocampers.com\\\/fr\\\/#website\"},\"primaryImageOfPage\":{\"@id\":\"https:\\\/\\\/arktocampers.com\\\/fr\\\/financement\\\/#primaryimage\"},\"image\":{\"@id\":\"https:\\\/\\\/arktocampers.com\\\/fr\\\/financement\\\/#primaryimage\"},\"thumbnailUrl\":\"https:\\\/\\\/arktocampers.com\\\/wp-content\\\/uploads\\\/canada-quality-light-big-logo.png\",\"datePublished\":\"2026-03-09T15:02:25+00:00\",\"dateModified\":\"2026-04-22T07:26:58+00:00\",\"description\":\"D\u00e9couvrez les options de financement pour une caravane Arkto Campers et explorez les ressources qui peuvent vous aider \u00e0 planifier votre achat.\",\"breadcrumb\":{\"@id\":\"https:\\\/\\\/arktocampers.com\\\/fr\\\/financement\\\/#breadcrumb\"},\"inLanguage\":\"fr-FR\",\"potentialAction\":[{\"@type\":\"ReadAction\",\"target\":[\"https:\\\/\\\/arktocampers.com\\\/fr\\\/financement\\\/\"]}]},{\"@type\":\"ImageObject\",\"inLanguage\":\"fr-FR\",\"@id\":\"https:\\\/\\\/arktocampers.com\\\/fr\\\/financement\\\/#primaryimage\",\"url\":\"https:\\\/\\\/arktocampers.com\\\/wp-content\\\/uploads\\\/canada-quality-light-big-logo.png\",\"contentUrl\":\"https:\\\/\\\/arktocampers.com\\\/wp-content\\\/uploads\\\/canada-quality-light-big-logo.png\"},{\"@type\":\"BreadcrumbList\",\"@id\":\"https:\\\/\\\/arktocampers.com\\\/fr\\\/financement\\\/#breadcrumb\",\"itemListElement\":[{\"@type\":\"ListItem\",\"position\":1,\"name\":\"Home\",\"item\":\"https:\\\/\\\/arktocampers.com\\\/fr\\\/accueil\\\/\"},{\"@type\":\"ListItem\",\"position\":2,\"name\":\"Financement\"}]},{\"@type\":\"WebSite\",\"@id\":\"https:\\\/\\\/arktocampers.com\\\/fr\\\/#website\",\"url\":\"https:\\\/\\\/arktocampers.com\\\/fr\\\/\",\"name\":\"Arkto Campers\",\"description\":\"\",\"publisher\":{\"@id\":\"https:\\\/\\\/arktocampers.com\\\/fr\\\/#organization\"},\"potentialAction\":[{\"@type\":\"SearchAction\",\"target\":{\"@type\":\"EntryPoint\",\"urlTemplate\":\"https:\\\/\\\/arktocampers.com\\\/fr\\\/?s={search_term_string}\"},\"query-input\":{\"@type\":\"PropertyValueSpecification\",\"valueRequired\":true,\"valueName\":\"search_term_string\"}}],\"inLanguage\":\"fr-FR\"},{\"@type\":\"Organization\",\"@id\":\"https:\\\/\\\/arktocampers.com\\\/fr\\\/#organization\",\"name\":\"Arkto Campers\",\"url\":\"https:\\\/\\\/arktocampers.com\\\/fr\\\/\",\"logo\":{\"@type\":\"ImageObject\",\"inLanguage\":\"fr-FR\",\"@id\":\"https:\\\/\\\/arktocampers.com\\\/fr\\\/#\\\/schema\\\/logo\\\/image\\\/\",\"url\":\"https:\\\/\\\/arktocampers.com\\\/wp-content\\\/uploads\\\/main-logo-light.svg\",\"contentUrl\":\"https:\\\/\\\/arktocampers.com\\\/wp-content\\\/uploads\\\/main-logo-light.svg\",\"width\":255,\"height\":54,\"caption\":\"Arkto Campers\"},\"image\":{\"@id\":\"https:\\\/\\\/arktocampers.com\\\/fr\\\/#\\\/schema\\\/logo\\\/image\\\/\"}}]}<\/script>\n<!-- \/ Yoast SEO plugin. -->","yoast_head_json":{"title":"Financement - Arkto Campers","description":"D\u00e9couvrez les options de financement pour une caravane Arkto Campers et explorez les ressources qui peuvent vous aider \u00e0 planifier votre achat.","robots":{"index":"index","follow":"follow","max-snippet":"max-snippet:-1","max-image-preview":"max-image-preview:large","max-video-preview":"max-video-preview:-1"},"canonical":"https:\/\/arktocampers.com\/fr\/financement\/","og_locale":"fr_FR","og_type":"article","og_title":"Financement de la caravane - Arkto Campers","og_description":"Explorez les options de financement flexibles pour les caravanes Arkto Campers. Trouvez un plan de paiement qui correspond \u00e0 votre budget et commencez votre aventure \u00e0 l'\u00e9tranger d\u00e8s aujourd'hui.","og_url":"https:\/\/arktocampers.com\/fr\/financement\/","og_site_name":"Arkto Campers","article_modified_time":"2026-04-22T07:26:58+00:00","og_image":[{"url":"https:\/\/arktocampers.com\/wp-content\/uploads\/social-2.jpg","type":"","width":"","height":""}],"twitter_card":"summary_large_image","twitter_misc":{"Dur\u00e9e de lecture estim\u00e9e":"1 minute"},"schema":{"@context":"https:\/\/schema.org","@graph":[{"@type":"WebPage","@id":"https:\/\/arktocampers.com\/fr\/financement\/","url":"https:\/\/arktocampers.com\/fr\/financement\/","name":"Financement - Arkto Campers","isPartOf":{"@id":"https:\/\/arktocampers.com\/fr\/#website"},"primaryImageOfPage":{"@id":"https:\/\/arktocampers.com\/fr\/financement\/#primaryimage"},"image":{"@id":"https:\/\/arktocampers.com\/fr\/financement\/#primaryimage"},"thumbnailUrl":"https:\/\/arktocampers.com\/wp-content\/uploads\/canada-quality-light-big-logo.png","datePublished":"2026-03-09T15:02:25+00:00","dateModified":"2026-04-22T07:26:58+00:00","description":"D\u00e9couvrez les options de financement pour une caravane Arkto Campers et explorez les ressources qui peuvent vous aider \u00e0 planifier votre achat.","breadcrumb":{"@id":"https:\/\/arktocampers.com\/fr\/financement\/#breadcrumb"},"inLanguage":"fr-FR","potentialAction":[{"@type":"ReadAction","target":["https:\/\/arktocampers.com\/fr\/financement\/"]}]},{"@type":"ImageObject","inLanguage":"fr-FR","@id":"https:\/\/arktocampers.com\/fr\/financement\/#primaryimage","url":"https:\/\/arktocampers.com\/wp-content\/uploads\/canada-quality-light-big-logo.png","contentUrl":"https:\/\/arktocampers.com\/wp-content\/uploads\/canada-quality-light-big-logo.png"},{"@type":"BreadcrumbList","@id":"https:\/\/arktocampers.com\/fr\/financement\/#breadcrumb","itemListElement":[{"@type":"ListItem","position":1,"name":"Home","item":"https:\/\/arktocampers.com\/fr\/accueil\/"},{"@type":"ListItem","position":2,"name":"Financement"}]},{"@type":"WebSite","@id":"https:\/\/arktocampers.com\/fr\/#website","url":"https:\/\/arktocampers.com\/fr\/","name":"Arkto Campers","description":"","publisher":{"@id":"https:\/\/arktocampers.com\/fr\/#organization"},"potentialAction":[{"@type":"SearchAction","target":{"@type":"EntryPoint","urlTemplate":"https:\/\/arktocampers.com\/fr\/?s={search_term_string}"},"query-input":{"@type":"PropertyValueSpecification","valueRequired":true,"valueName":"search_term_string"}}],"inLanguage":"fr-FR"},{"@type":"Organization","@id":"https:\/\/arktocampers.com\/fr\/#organization","name":"Arkto Campers","url":"https:\/\/arktocampers.com\/fr\/","logo":{"@type":"ImageObject","inLanguage":"fr-FR","@id":"https:\/\/arktocampers.com\/fr\/#\/schema\/logo\/image\/","url":"https:\/\/arktocampers.com\/wp-content\/uploads\/main-logo-light.svg","contentUrl":"https:\/\/arktocampers.com\/wp-content\/uploads\/main-logo-light.svg","width":255,"height":54,"caption":"Arkto Campers"},"image":{"@id":"https:\/\/arktocampers.com\/fr\/#\/schema\/logo\/image\/"}}]}},"_links":{"self":[{"href":"https:\/\/arktocampers.com\/fr\/wp-json\/wp\/v2\/pages\/6453","targetHints":{"allow":["GET"]}}],"collection":[{"href":"https:\/\/arktocampers.com\/fr\/wp-json\/wp\/v2\/pages"}],"about":[{"href":"https:\/\/arktocampers.com\/fr\/wp-json\/wp\/v2\/types\/page"}],"author":[{"embeddable":true,"href":"https:\/\/arktocampers.com\/fr\/wp-json\/wp\/v2\/users\/1"}],"replies":[{"embeddable":true,"href":"https:\/\/arktocampers.com\/fr\/wp-json\/wp\/v2\/comments?post=6453"}],"version-history":[{"count":1,"href":"https:\/\/arktocampers.com\/fr\/wp-json\/wp\/v2\/pages\/6453\/revisions"}],"predecessor-version":[{"id":6458,"href":"https:\/\/arktocampers.com\/fr\/wp-json\/wp\/v2\/pages\/6453\/revisions\/6458"}],"wp:attachment":[{"href":"https:\/\/arktocampers.com\/fr\/wp-json\/wp\/v2\/media?parent=6453"}],"curies":[{"name":"wp","href":"https:\/\/api.w.org\/{rel}","templated":true}]}}